{"id":259,"date":"2021-12-21T14:22:18","date_gmt":"2021-12-21T11:22:18","guid":{"rendered":"https:\/\/dev.mrmedia.fi\/costacalida\/calida-special\/"},"modified":"2022-01-12T10:25:44","modified_gmt":"2022-01-12T07:25:44","slug":"calida-special","status":"publish","type":"page","link":"https:\/\/costacalida.fi\/fi\/palvelut\/calida-special\/","title":{"rendered":"Calida Special"},"content":{"rendered":"<style>#kt-layout-id_c932d3-e1{margin-bottom:0px;margin-top:0px;margin-bottom:0px;}#kt-layout-id_c932d3-e1 > .kt-row-column-wrap{align-content:start;}:where(#kt-layout-id_c932d3-e1 > .kt-row-column-wrap) > .wp-block-kadence-column{justify-content:start;}#kt-layout-id_c932d3-e1 > .kt-row-column-wrap{column-gap:80px;row-gap:var(--global-kb-gap-md, 2rem);padding-top:var( --global-kb-row-default-top, 25px );padding-bottom:var( --global-kb-row-default-bottom, 25px );padding-top:0px;padding-bottom:0px;padding-left:0px;padding-right:0px;grid-template-columns:repeat(2, minmax(0, 1fr));}#kt-layout-id_c932d3-e1 > .kt-row-layout-overlay{opacity:0.30;}@media all and (max-width: 1024px){#kt-layout-id_c932d3-e1 > .kt-row-column-wrap{grid-template-columns:minmax(0, 1fr);}}@media all and (max-width: 1024px){#kt-layout-id_c932d3-e1 > .kt-row-column-wrap > .wp-block-kadence-column:nth-child(1 of *:not(style)){order:2;}}@media all and (max-width: 1024px){#kt-layout-id_c932d3-e1 > .kt-row-column-wrap > .wp-block-kadence-column:nth-child(2 of *:not(style)){order:1;}}@media all and (max-width: 1024px){#kt-layout-id_c932d3-e1 > .kt-row-column-wrap > .wp-block-kadence-column:nth-child(3 of *:not(style)){order:12;}}@media all and (max-width: 1024px){#kt-layout-id_c932d3-e1 > .kt-row-column-wrap > .wp-block-kadence-column:nth-child(4 of *:not(style)){order:11;}}@media all and (max-width: 1024px){#kt-layout-id_c932d3-e1 > .kt-row-column-wrap > .wp-block-kadence-column:nth-child(5 of *:not(style)){order:22;}}@media all and (max-width: 1024px){#kt-layout-id_c932d3-e1 > .kt-row-column-wrap > .wp-block-kadence-column:nth-child(6 of *:not(style)){order:21;}}@media all and (max-width: 1024px){#kt-layout-id_c932d3-e1 > .kt-row-column-wrap > .wp-block-kadence-column:nth-child(7 of *:not(style)){order:32;}}@media all and (max-width: 1024px){#kt-layout-id_c932d3-e1 > .kt-row-column-wrap > .wp-block-kadence-column:nth-child(8 of *:not(style)){order:31;}}@media all and (max-width: 767px){#kt-layout-id_c932d3-e1 > .kt-row-column-wrap{grid-template-columns:minmax(0, 1fr);}#kt-layout-id_c932d3-e1 > .kt-row-column-wrap > .wp-block-kadence-column:nth-child(1 of *:not(style)){order:2;}#kt-layout-id_c932d3-e1 > .kt-row-column-wrap > .wp-block-kadence-column:nth-child(2 of *:not(style)){order:1;}#kt-layout-id_c932d3-e1 > .kt-row-column-wrap > .wp-block-kadence-column:nth-child(3 of *:not(style)){order:12;}#kt-layout-id_c932d3-e1 > .kt-row-column-wrap > .wp-block-kadence-column:nth-child(4 of *:not(style)){order:11;}#kt-layout-id_c932d3-e1 > .kt-row-column-wrap > .wp-block-kadence-column:nth-child(5 of *:not(style)){order:22;}#kt-layout-id_c932d3-e1 > .kt-row-column-wrap > .wp-block-kadence-column:nth-child(6 of *:not(style)){order:21;}#kt-layout-id_c932d3-e1 > .kt-row-column-wrap > .wp-block-kadence-column:nth-child(7 of *:not(style)){order:32;}#kt-layout-id_c932d3-e1 > .kt-row-column-wrap > .wp-block-kadence-column:nth-child(8 of *:not(style)){order:31;}}<\/style>\n<div class=\"wp-block-kadence-rowlayout alignnone\"><div id=\"kt-layout-id_c932d3-e1\" class=\"kt-row-layout-inner kt-layout-id_c932d3-e1\"><div class=\"kt-row-column-wrap kt-has-2-columns kt-gutter-widest kt-v-gutter-default kt-row-valign-top kt-row-layout-equal kt-tab-layout-row kt-m-colapse-right-to-left kt-mobile-layout-row\"><style>.kadence-column_65ce59-c0 > .kt-inside-inner-col{border-top-width:0px;border-right-width:0px;border-bottom-width:0px;border-left-width:0px;}.kadence-column_65ce59-c0 > .kt-inside-inner-col,.kadence-column_65ce59-c0 > .kt-inside-inner-col:before{border-top-left-radius:0px;border-top-right-radius:0px;border-bottom-right-radius:0px;border-bottom-left-radius:0px;}.kadence-column_65ce59-c0 > .kt-inside-inner-col{column-gap:var(--global-kb-gap-sm, 1rem);}.kadence-column_65ce59-c0 > .kt-inside-inner-col{flex-direction:column;}.kadence-column_65ce59-c0 > .kt-inside-inner-col > .aligncenter{width:100%;}.kadence-column_65ce59-c0 > .kt-inside-inner-col:before{opacity:0.3;}.kadence-column_65ce59-c0{position:relative;}@media all and (max-width: 1024px){.kadence-column_65ce59-c0 > .kt-inside-inner-col{flex-direction:column;justify-content:center;}}@media all and (max-width: 767px){.kadence-column_65ce59-c0 > .kt-inside-inner-col{flex-direction:column;justify-content:center;}}<\/style>\n<div class=\"wp-block-kadence-column inner-column-1 kadence-column_65ce59-c0\"><div class=\"kt-inside-inner-col\"><style>.wp-block-kadence-advancedheading.kt-adv-heading_9a9f6f-ff, .wp-block-kadence-advancedheading.kt-adv-heading_9a9f6f-ff[data-kb-block=\"kb-adv-heading_9a9f6f-ff\"]{font-style:normal;}.wp-block-kadence-advancedheading.kt-adv-heading_9a9f6f-ff mark.kt-highlight, .wp-block-kadence-advancedheading.kt-adv-heading_9a9f6f-ff[data-kb-block=\"kb-adv-heading_9a9f6f-ff\"] mark.kt-highlight{font-style:normal;color:#f76a0c;-webkit-box-decoration-break:clone;box-decoration-break:clone;padding-top:0px;padding-right:0px;padding-bottom:0px;padding-left:0px;}.wp-block-kadence-advancedheading.kt-adv-heading_9a9f6f-ff img.kb-inline-image, .wp-block-kadence-advancedheading.kt-adv-heading_9a9f6f-ff[data-kb-block=\"kb-adv-heading_9a9f6f-ff\"] img.kb-inline-image{width:150px;vertical-align:baseline;}<\/style>\n<h1 class=\"kt-adv-heading_9a9f6f-ff wp-block-kadence-advancedheading\" data-kb-block=\"kb-adv-heading_9a9f6f-ff\">Calida Special<\/h1>\n\n\n<style>.wp-block-kadence-advancedheading.kt-adv-heading_d35f05-cf, .wp-block-kadence-advancedheading.kt-adv-heading_d35f05-cf[data-kb-block=\"kb-adv-heading_d35f05-cf\"]{font-style:normal;}.wp-block-kadence-advancedheading.kt-adv-heading_d35f05-cf mark.kt-highlight, .wp-block-kadence-advancedheading.kt-adv-heading_d35f05-cf[data-kb-block=\"kb-adv-heading_d35f05-cf\"] mark.kt-highlight{font-style:normal;color:#f76a0c;-webkit-box-decoration-break:clone;box-decoration-break:clone;padding-top:0px;padding-right:0px;padding-bottom:0px;padding-left:0px;}.wp-block-kadence-advancedheading.kt-adv-heading_d35f05-cf img.kb-inline-image, .wp-block-kadence-advancedheading.kt-adv-heading_d35f05-cf[data-kb-block=\"kb-adv-heading_d35f05-cf\"] img.kb-inline-image{width:150px;vertical-align:baseline;}<\/style>\n<h2 class=\"kt-adv-heading_d35f05-cf wp-block-kadence-advancedheading\" data-kb-block=\"kb-adv-heading_d35f05-cf\">Calida Special &#8211; kun siivouksen asiantuntija tarvitaan<\/h2>\n\n\n\n<p>Joskus syntyy tilanteita, jolloin omat rahkeet eiv\u00e4t riit\u00e4. N\u00e4in\u00e4 hetkin\u00e4 on hienoa, kun voi k\u00e4\u00e4nty\u00e4 siivousammattilaisen puoleen.<\/p>\n\n\n\n<p>Calida Special -siivouspalvelun avulla autamme teit\u00e4 hallitsemaan sek\u00e4 ennakoitavat ett\u00e4 odottamattomat siivous- ja puhdistustarpeet.<\/p>\n\n\n\n<p>Calida Special tarjoaa perussiivousta ja laajempaa siivousta yrityksille ja yksityishenkil\u00f6ille. Erikoistarjontaan kuuluu my\u00f6s ikkunoiden pesut, kiillotukset ja vahaukset sek\u00e4 muut lattioiden k\u00e4sittelyt.&nbsp;<\/p>\n\n\n\n<p>Calidaan voi luottaa my\u00f6s v\u00e4hemm\u00e4n miellytt\u00e4viss\u00e4 teht\u00e4viss\u00e4. Autamme esimerkiksi kiinteist\u00f6jen tyhjennyksiss\u00e4 ja siivouksissa muuttojen yhteydess\u00e4 tai kuoleman sattuessa. Calida Special -palveluun kuuluu my\u00f6s h\u00e4\u00e4t\u00f6siivoukset, raivaussiivoukset, desinfioinnit, epidemiapuhdistukset, otsonoinnit ja homeenpuhdistukset.&nbsp;&nbsp;&nbsp;&nbsp;&nbsp;<\/p>\n\n\n\n<p>Olemme n\u00e4hneet ja hoitaneet kaikenlaista &#8211; \u00e4lk\u00e4\u00e4 ep\u00e4r\u00f6ik\u00f6 ottaa yhteytt\u00e4!<\/p>\n\n\n<style>.wp-block-kadence-advancedbtn.kb-btns_a7dc3a-fc{gap:var(--global-kb-gap-xs, 0.5rem );justify-content:flex-start;align-items:center;}.kt-btns_a7dc3a-fc .kt-button{font-weight:normal;font-style:normal;}.kt-btns_a7dc3a-fc .kt-btn-wrap-0{margin-right:5px;}.wp-block-kadence-advancedbtn.kt-btns_a7dc3a-fc .kt-btn-wrap-0 .kt-button{color:#555555;border-color:#555555;}.wp-block-kadence-advancedbtn.kt-btns_a7dc3a-fc .kt-btn-wrap-0 .kt-button:hover, .wp-block-kadence-advancedbtn.kt-btns_a7dc3a-fc .kt-btn-wrap-0 .kt-button:focus{color:#ffffff;border-color:#444444;}.wp-block-kadence-advancedbtn.kt-btns_a7dc3a-fc .kt-btn-wrap-0 .kt-button::before{display:none;}.wp-block-kadence-advancedbtn.kt-btns_a7dc3a-fc .kt-btn-wrap-0 .kt-button:hover, .wp-block-kadence-advancedbtn.kt-btns_a7dc3a-fc .kt-btn-wrap-0 .kt-button:focus{background:#444444;}<\/style>\n<div class=\"wp-block-kadence-advancedbtn kt-btn-align-left kt-btn-tablet-align-inherit kt-btn-mobile-align-inherit kt-btns-wrap kt-btns_a7dc3a-fc calida-knappar\"><div class=\"kt-btn-wrap kt-btn-wrap-0\"><a class=\"kt-button button kt-btn-0-action kt-btn-size-standard kt-btn-style-basic kt-btn-svg-show-always kt-btn-has-text-true kt-btn-has-svg-false\" href=\"https:\/\/costacalida.fi\/fi\/yhteystiedot\/\"><span class=\"kt-btn-inner-text\">Ota yhteytt\u00e4<\/span><\/a><\/div><\/div>\n<\/div><\/div>\n\n\n<style>.kadence-column_b17814-f3 > .kt-inside-inner-col{padding-top:125%;}.kadence-column_b17814-f3 > .kt-inside-inner-col{border-top-width:0px;border-right-width:0px;border-bottom-width:0px;border-left-width:0px;}.kadence-column_b17814-f3 > .kt-inside-inner-col,.kadence-column_b17814-f3 > .kt-inside-inner-col:before{border-top-left-radius:0px;border-top-right-radius:0px;border-bottom-right-radius:0px;border-bottom-left-radius:0px;}.kadence-column_b17814-f3 > .kt-inside-inner-col{column-gap:var(--global-kb-gap-sm, 1rem);}.kadence-column_b17814-f3 > .kt-inside-inner-col{flex-direction:column;}.kadence-column_b17814-f3 > .kt-inside-inner-col > .aligncenter{width:100%;}.kadence-column_b17814-f3 > .kt-inside-inner-col{background-image:url('https:\/\/costacalida.fi\/wp-content\/uploads\/costacalida-special-vertical.jpg');background-size:cover;background-position:center center;background-attachment:scroll;background-repeat:no-repeat;}.kadence-column_b17814-f3 > .kt-inside-inner-col:before{opacity:0.3;}.kadence-column_b17814-f3{position:relative;}@media all and (max-width: 1024px){.kadence-column_b17814-f3 > .kt-inside-inner-col{padding-top:50%;flex-direction:column;justify-content:center;}}@media all and (max-width: 767px){.kadence-column_b17814-f3 > .kt-inside-inner-col{padding-top:50%;flex-direction:column;justify-content:center;}}<\/style>\n<div class=\"wp-block-kadence-column inner-column-2 kadence-column_b17814-f3\"><div class=\"kt-inside-inner-col\"><\/div><\/div>\n<\/div><\/div><\/div>\n","protected":false},"excerpt":{"rendered":"<p>Calida Special Calida Special &#8211; kun siivouksen asiantuntija tarvitaan Joskus syntyy tilanteita, jolloin omat rahkeet eiv\u00e4t riit\u00e4. N\u00e4in\u00e4 hetkin\u00e4 on hienoa, kun voi k\u00e4\u00e4nty\u00e4 siivousammattilaisen puoleen. Calida Special -siivouspalvelun avulla autamme teit\u00e4 hallitsemaan sek\u00e4 ennakoitavat ett\u00e4 odottamattomat siivous- ja puhdistustarpeet. Calida Special tarjoaa perussiivousta ja laajempaa siivousta yrityksille ja yksityishenkil\u00f6ille. Erikoistarjontaan kuuluu my\u00f6s ikkunoiden pesut, &#8230; <a title=\"Calida Special\" class=\"read-more\" href=\"https:\/\/costacalida.fi\/fi\/palvelut\/calida-special\/\" aria-label=\"Lue lis\u00e4\u00e4 aiheesta Calida Special\">Lue lis\u00e4\u00e4<\/a><\/p>\n","protected":false},"author":1,"featured_media":0,"parent":267,"menu_order":0,"comment_status":"closed","ping_status":"closed","template":"","meta":{"_kad_blocks_custom_css":"","_kad_blocks_head_custom_js":"","_kad_blocks_body_custom_js":"","_kad_blocks_footer_custom_js":"","footnotes":""},"class_list":["post-259","page","type-page","status-publish"],"taxonomy_info":[],"featured_image_src_large":false,"author_info":{"display_name":"Webmaster","author_link":"https:\/\/costacalida.fi\/fi\/author\/mrmedia\/"},"comment_info":0,"_links":{"self":[{"href":"https:\/\/costacalida.fi\/fi\/wp-json\/wp\/v2\/pages\/259","targetHints":{"allow":["GET"]}}],"collection":[{"href":"https:\/\/costacalida.fi\/fi\/wp-json\/wp\/v2\/pages"}],"about":[{"href":"https:\/\/costacalida.fi\/fi\/wp-json\/wp\/v2\/types\/page"}],"author":[{"embeddable":true,"href":"https:\/\/costacalida.fi\/fi\/wp-json\/wp\/v2\/users\/1"}],"replies":[{"embeddable":true,"href":"https:\/\/costacalida.fi\/fi\/wp-json\/wp\/v2\/comments?post=259"}],"version-history":[{"count":3,"href":"https:\/\/costacalida.fi\/fi\/wp-json\/wp\/v2\/pages\/259\/revisions"}],"predecessor-version":[{"id":366,"href":"https:\/\/costacalida.fi\/fi\/wp-json\/wp\/v2\/pages\/259\/revisions\/366"}],"up":[{"embeddable":true,"href":"https:\/\/costacalida.fi\/fi\/wp-json\/wp\/v2\/pages\/267"}],"wp:attachment":[{"href":"https:\/\/costacalida.fi\/fi\/wp-json\/wp\/v2\/media?parent=259"}],"curies":[{"name":"wp","href":"https:\/\/api.w.org\/{rel}","templated":true}]}}